{"id":500,"date":"2018-10-02T03:22:33","date_gmt":"2018-10-02T03:22:33","guid":{"rendered":"https:\/\/blog.feed.biz\/fr\/?page_id=500"},"modified":"2018-10-02T03:25:13","modified_gmt":"2018-10-02T03:25:13","slug":"politique-des-cookies-feed-biz","status":"publish","type":"page","link":"https:\/\/blog.feed.biz\/fr\/politique-des-cookies-feed-biz\/","title":{"rendered":"Politique des cookies Feed.biz"},"content":{"rendered":"<p>&nbsp;<\/p>\n<p><span style=\"font-weight: 400;\">Tout ce que vous avez toujours voulu savoir sur l&rsquo;utilisation des cookies sur Feed.biz<\/span><\/p>\n<p>&nbsp;<\/p>\n<h2 class=\"true-blue\">Que sont les cookies ?<\/h2>\n<p><span style=\"font-weight: 400;\">Les cookies sont des petits fichiers de donn\u00e9es qui sont t\u00e9l\u00e9charg\u00e9s sur votre appareil par le site internet que vous visitez. La prochaine fois que vous vous connectez au m\u00eame site, les cookies font en sorte que votre appareil soit reconnu. En ayant recours \u00e0 des cookies et autres technologies similaires telles que les balises pixels et les scripts (\u00ab cookies \u00bb), le site en question peut recueillir des informations \u00e0 propos des visites et des visiteurs. Nous pla\u00e7ons certains cookies nous-m\u00eames sur les sites internet, d&rsquo;autres sont plac\u00e9s par des parties tierces. Les cookies des parties tierces sont aussi susceptibles de recueillir des donn\u00e9es en dehors de nos sites internet.<\/span><\/p>\n<p><span style=\"font-weight: 400;\">Les cookies peuvent \u00eatre utilis\u00e9s pour personnaliser la visite d&rsquo;un site internet entre autres : <\/span><\/p>\n<ul>\n<li style=\"font-weight: 400;\"><span style=\"font-weight: 400;\">en affichant des param\u00e8tres de navigation pertinents ;<\/span><\/li>\n<li style=\"font-weight: 400;\"><span style=\"font-weight: 400;\">en se souvenant des pr\u00e9f\u00e9rences des visiteurs ;<\/span><\/li>\n<li style=\"font-weight: 400;\"><span style=\"font-weight: 400;\">en am\u00e9liorant l&rsquo;exp\u00e9rience globale de l&rsquo;utilisateur et<\/span><\/li>\n<li style=\"font-weight: 400;\"><span style=\"font-weight: 400;\">en limitant la quantit\u00e9 de publicit\u00e9s affich\u00e9es.<\/span><\/li>\n<li><\/li>\n<\/ul>\n<h2 class=\"true-blue\">L&rsquo;utilisation de cookies par Feed.biz<\/h2>\n<p><span style=\"font-weight: 400;\">En cliquant sur \u00ab J\u2019accepte \u00bb lorsqu\u2019une notification de cookie appara\u00eet, vous donnez votre consentement au placement et \u00e0 la lecture de cookies sur Feed.biz et les sous-domaines associ\u00e9s tels que feed.biz\/my_shop\/my_products. Feed.biz utilise les informations recueillies par l&rsquo;interm\u00e9diaire des cookies aux fins \u00e9num\u00e9r\u00e9es dans la Politique de confidentialit\u00e9 de Feed.biz<\/span> <span style=\"font-weight: 400;\">.<\/span><\/p>\n<p>&nbsp;<\/p>\n<h2 class=\"true-blue\">Feed.biz utilise trois types de cookies<\/h2>\n<p><b>Les cookies fonctionnels<\/b><\/p>\n<p><span style=\"font-weight: 400;\">Ces cookies permettent aux utilisateurs de consulter Feed.biz, d&rsquo;utiliser les fonctionnalit\u00e9s des sites internet et d&rsquo;avoir acc\u00e8s aux parties s\u00e9curis\u00e9es de ces sites. Les informations recueillies par l&rsquo;interm\u00e9diaire de ces cookies ne sont pas utilis\u00e9es \u00e0 des fins commerciales. Si vous n&rsquo;autorisez pas ce type de cookies, les cons\u00e9quences seront les suivantes : <\/span><\/p>\n<ul>\n<li style=\"font-weight: 400;\"><span style=\"font-weight: 400;\">il deviendra impossible de naviguer sur certaines parties du site Feed.biz ;<\/span><\/li>\n<li style=\"font-weight: 400;\"><span style=\"font-weight: 400;\">Feed.biz apporte une assistance plus restreinte aux utilisateurs ;<\/span><\/li>\n<li style=\"font-weight: 400;\"><span style=\"font-weight: 400;\">Feed.biz ne sera pas en mesure de retenir vos pr\u00e9f\u00e9rences de ne pas utiliser ou afficher certaines fonctionnalit\u00e9s.<\/span><\/li>\n<\/ul>\n<p>&nbsp;<\/p>\n<p><b>Les cookies analytiques<\/b><\/p>\n<p><span style=\"font-weight: 400;\">Ce type de cookies aide Feed.biz \u00e0 am\u00e9liorer ses sites internet. Ces cookies recueillent des informations sur la fa\u00e7on dont les visiteurs utilisent Feed.biz, y compris des informations sur les pages les plus visit\u00e9es ou le nombre de messages d&rsquo;erreur affich\u00e9s. Les cookies WebAnalytics sont un exemple de cette cat\u00e9gorie de cookies.<\/span><\/p>\n<p>&nbsp;<\/p>\n<p><b>Cookies marketing et autres<\/b><\/p>\n<p><span style=\"font-weight: 400;\">Les cookies marketing sont g\u00e9n\u00e9ralement plac\u00e9s sur Feed.biz par des r\u00e9seaux publicitaires. Ces r\u00e9seaux sont des entreprises qui agissent en tant qu&rsquo;interm\u00e9diaires entre Feed.biz et les publicitaires. Ce type de cookies est utilis\u00e9 pour : <\/span><\/p>\n<ul>\n<li style=\"font-weight: 400;\"><span style=\"font-weight: 400;\">afficher des publicit\u00e9s ou des offres pertinentes et personnalis\u00e9es par le biais de tout type de support (e-mail, m\u00e9dias sociaux, banni\u00e8res publicitaires, etc.) sur la base de votre visite et de votre comportement de clic sur Feed.biz ;<\/span><\/li>\n<li style=\"font-weight: 400;\"><span style=\"font-weight: 400;\">limiter le nombre de fois o\u00f9 chaque publicit\u00e9 est affich\u00e9e ;<\/span><\/li>\n<li style=\"font-weight: 400;\"><span style=\"font-weight: 400;\">mesurer l&rsquo;efficacit\u00e9 d&rsquo;une campagne publicitaire ;<\/span><\/li>\n<li style=\"font-weight: 400;\"><span style=\"font-weight: 400;\">\u00e9tablir un lien avec les m\u00e9dias sociaux afin que vous soyez reconnu lorsque vous souhaitez utiliser un m\u00e9dia social par le biais de Feed.biz.<\/span><\/li>\n<\/ul>\n<p>&nbsp;<\/p>\n<h2 class=\"true-blue\">R\u00e9gler les param\u00e8tres de cookies et supprimer des cookies<\/h2>\n<p><span style=\"font-weight: 400;\">Vous pouvez r\u00e9gler vos param\u00e8tres de navigateur pour supprimer nos cookies ou ceux qui ont \u00e9t\u00e9 plac\u00e9s par des parties tierces. Vous pouvez \u00e9galement r\u00e9gler vos param\u00e8tres de navigateur pour emp\u00eacher les sites internet de placer \u00e0 la fois des cookies ou des cookies de parties tierces. Si vous nous emp\u00eachez de placer des cookies sp\u00e9cifiques, il est possible que certaines fonctionnalit\u00e9s ne soient pas disponibles ou que certaines parties du site internet ne se t\u00e9l\u00e9chargent pas. D\u00e9couvrez comment r\u00e9gler les param\u00e8tres pour les diff\u00e9rents types de navigateurs : <\/span><\/p>\n<ul>\n<li style=\"font-weight: 400;\"><a href=\"https:\/\/support.google.com\/chrome\/answer\/95647?hl=fr\"><span style=\"font-weight: 400;\">Chrome<\/span><\/a><\/li>\n<li style=\"font-weight: 400;\"><a href=\"https:\/\/support.mozilla.org\/fr\/kb\/cookies-information-websites-store-on-your-computer\"><span style=\"font-weight: 400;\">Firefox<\/span><\/a><\/li>\n<li style=\"font-weight: 400;\"><a href=\"https:\/\/support.microsoft.com\/fr-fr\/help\/17442\/windows-internet-explorer-delete-manage-cookies#\"><span style=\"font-weight: 400;\">Internet Explorer<\/span><\/a><\/li>\n<li style=\"font-weight: 400;\"><a href=\"https:\/\/support.apple.com\/kb\/PH21411?locale=en_US&amp;viewlocale=fr_FR\"><span style=\"font-weight: 400;\">Safari<\/span><\/a><\/li>\n<\/ul>\n<p>&nbsp;<\/p>\n<h2 class=\"true-blue\">En savoir plus sur les cookies<\/h2>\n<p><span style=\"font-weight: 400;\">\u00ab Your Online Choices \u00bb (<\/span><a href=\"http:\/\/www.youronlinechoices.com\/\"><span style=\"font-weight: 400;\">http:\/\/www.youronlinechoices.com\/nl\/eu<\/span><\/a> <span style=\"font-weight: 400;\">) est un site offert par le secteur de la publicit\u00e9 sur Internet qui contient des informations \u00e0 propos de la \u00ab publicit\u00e9 comportementale \u00bb, de la \u00ab confidentialit\u00e9 en ligne \u00bb et des options de retrait d&rsquo;autorisation.<\/span><\/p>\n<p><span style=\"font-weight: 400;\">Si la pr\u00e9sente politique des cookies est modifi\u00e9e ou que les cookies plac\u00e9s changent, nous modifierons le texte de la politique et la liste des cookies plac\u00e9s.<\/span><\/p>\n<style>\n.true-blue{\n  color: #4693fe;\n}\n<\/style>\n","protected":false},"excerpt":{"rendered":"<p>&nbsp; Tout ce que vous avez toujours voulu savoir sur l&rsquo;utilisation des cookies sur Feed.biz &nbsp; Que sont les cookies ? Les cookies sont des petits fichiers de donn\u00e9es qui sont t\u00e9l\u00e9charg\u00e9s sur votre appareil par le site internet que &hellip; <a href=\"https:\/\/blog.feed.biz\/fr\/politique-des-cookies-feed-biz\/\">Lire la suite\u00ad\u00ad<\/a><\/p>\n","protected":false},"author":1,"featured_media":0,"parent":0,"menu_order":0,"comment_status":"closed","ping_status":"closed","template":"","meta":{"footnotes":""},"class_list":["post-500","page","type-page","status-publish","hentry"],"yoast_head":"<!-- This site is optimized with the Yoast SEO plugin v23.4 - https:\/\/yoast.com\/wordpress\/plugins\/seo\/ -->\n<title>Politique des cookies Feed.biz - Feed.Biz<\/title>\n<meta name=\"robots\" content=\"index, follow, max-snippet:-1, max-image-preview:large, max-video-preview:-1\" \/>\n<link rel=\"canonical\" href=\"https:\/\/blog.feed.biz\/fr\/politique-des-cookies-feed-biz\/\" \/>\n<meta property=\"og:locale\" content=\"fr_FR\" \/>\n<meta property=\"og:type\" content=\"article\" \/>\n<meta property=\"og:title\" content=\"Politique des cookies Feed.biz - Feed.Biz\" \/>\n<meta property=\"og:description\" content=\"&nbsp; Tout ce que vous avez toujours voulu savoir sur l&rsquo;utilisation des cookies sur Feed.biz &nbsp; Que sont les cookies ? Les cookies sont des petits fichiers de donn\u00e9es qui sont t\u00e9l\u00e9charg\u00e9s sur votre appareil par le site internet que &hellip; Lire la suite\u00ad\u00ad\" \/>\n<meta property=\"og:url\" content=\"https:\/\/blog.feed.biz\/fr\/politique-des-cookies-feed-biz\/\" \/>\n<meta property=\"og:site_name\" content=\"Feed.Biz\" \/>\n<meta property=\"article:modified_time\" content=\"2018-10-02T03:25:13+00:00\" \/>\n<meta name=\"twitter:label1\" content=\"Dur\u00e9e de lecture estim\u00e9e\" \/>\n\t<meta name=\"twitter:data1\" content=\"4 minutes\" \/>\n<script type=\"application\/ld+json\" class=\"yoast-schema-graph\">{\"@context\":\"https:\/\/schema.org\",\"@graph\":[{\"@type\":\"WebPage\",\"@id\":\"https:\/\/blog.feed.biz\/fr\/politique-des-cookies-feed-biz\/\",\"url\":\"https:\/\/blog.feed.biz\/fr\/politique-des-cookies-feed-biz\/\",\"name\":\"Politique des cookies Feed.biz - Feed.Biz\",\"isPartOf\":{\"@id\":\"https:\/\/blog.feed.biz\/#website\"},\"datePublished\":\"2018-10-02T03:22:33+00:00\",\"dateModified\":\"2018-10-02T03:25:13+00:00\",\"breadcrumb\":{\"@id\":\"https:\/\/blog.feed.biz\/fr\/politique-des-cookies-feed-biz\/#breadcrumb\"},\"inLanguage\":\"fr-FR\",\"potentialAction\":[{\"@type\":\"ReadAction\",\"target\":[\"https:\/\/blog.feed.biz\/fr\/politique-des-cookies-feed-biz\/\"]}]},{\"@type\":\"BreadcrumbList\",\"@id\":\"https:\/\/blog.feed.biz\/fr\/politique-des-cookies-feed-biz\/#breadcrumb\",\"itemListElement\":[{\"@type\":\"ListItem\",\"position\":1,\"name\":\"Home\",\"item\":\"https:\/\/blog.feed.biz\/\"},{\"@type\":\"ListItem\",\"position\":2,\"name\":\"Politique des cookies Feed.biz\"}]},{\"@type\":\"WebSite\",\"@id\":\"https:\/\/blog.feed.biz\/#website\",\"url\":\"https:\/\/blog.feed.biz\/\",\"name\":\"Feed.Biz\",\"description\":\"Feed.Biz\",\"publisher\":{\"@id\":\"https:\/\/blog.feed.biz\/#organization\"},\"potentialAction\":[{\"@type\":\"SearchAction\",\"target\":{\"@type\":\"EntryPoint\",\"urlTemplate\":\"https:\/\/blog.feed.biz\/?s={search_term_string}\"},\"query-input\":{\"@type\":\"PropertyValueSpecification\",\"valueRequired\":true,\"valueName\":\"search_term_string\"}}],\"inLanguage\":\"fr-FR\"},{\"@type\":\"Organization\",\"@id\":\"https:\/\/blog.feed.biz\/#organization\",\"name\":\"Feed.biz\",\"url\":\"https:\/\/blog.feed.biz\/\",\"logo\":{\"@type\":\"ImageObject\",\"inLanguage\":\"fr-FR\",\"@id\":\"https:\/\/blog.feed.biz\/#\/schema\/logo\/image\/\",\"url\":\"https:\/\/blog.feed.biz\/wp-content\/uploads\/2016\/09\/logo-dark.png\",\"contentUrl\":\"https:\/\/blog.feed.biz\/wp-content\/uploads\/2016\/09\/logo-dark.png\",\"width\":112,\"height\":22,\"caption\":\"Feed.biz\"},\"image\":{\"@id\":\"https:\/\/blog.feed.biz\/#\/schema\/logo\/image\/\"}}]}<\/script>\n<!-- \/ Yoast SEO plugin. -->","yoast_head_json":{"title":"Politique des cookies Feed.biz - Feed.Biz","robots":{"index":"index","follow":"follow","max-snippet":"max-snippet:-1","max-image-preview":"max-image-preview:large","max-video-preview":"max-video-preview:-1"},"canonical":"https:\/\/blog.feed.biz\/fr\/politique-des-cookies-feed-biz\/","og_locale":"fr_FR","og_type":"article","og_title":"Politique des cookies Feed.biz - Feed.Biz","og_description":"&nbsp; Tout ce que vous avez toujours voulu savoir sur l&rsquo;utilisation des cookies sur Feed.biz &nbsp; Que sont les cookies ? Les cookies sont des petits fichiers de donn\u00e9es qui sont t\u00e9l\u00e9charg\u00e9s sur votre appareil par le site internet que &hellip; Lire la suite\u00ad\u00ad","og_url":"https:\/\/blog.feed.biz\/fr\/politique-des-cookies-feed-biz\/","og_site_name":"Feed.Biz","article_modified_time":"2018-10-02T03:25:13+00:00","twitter_misc":{"Dur\u00e9e de lecture estim\u00e9e":"4 minutes"},"schema":{"@context":"https:\/\/schema.org","@graph":[{"@type":"WebPage","@id":"https:\/\/blog.feed.biz\/fr\/politique-des-cookies-feed-biz\/","url":"https:\/\/blog.feed.biz\/fr\/politique-des-cookies-feed-biz\/","name":"Politique des cookies Feed.biz - Feed.Biz","isPartOf":{"@id":"https:\/\/blog.feed.biz\/#website"},"datePublished":"2018-10-02T03:22:33+00:00","dateModified":"2018-10-02T03:25:13+00:00","breadcrumb":{"@id":"https:\/\/blog.feed.biz\/fr\/politique-des-cookies-feed-biz\/#breadcrumb"},"inLanguage":"fr-FR","potentialAction":[{"@type":"ReadAction","target":["https:\/\/blog.feed.biz\/fr\/politique-des-cookies-feed-biz\/"]}]},{"@type":"BreadcrumbList","@id":"https:\/\/blog.feed.biz\/fr\/politique-des-cookies-feed-biz\/#breadcrumb","itemListElement":[{"@type":"ListItem","position":1,"name":"Home","item":"https:\/\/blog.feed.biz\/"},{"@type":"ListItem","position":2,"name":"Politique des cookies Feed.biz"}]},{"@type":"WebSite","@id":"https:\/\/blog.feed.biz\/#website","url":"https:\/\/blog.feed.biz\/","name":"Feed.Biz","description":"Feed.Biz","publisher":{"@id":"https:\/\/blog.feed.biz\/#organization"},"potentialAction":[{"@type":"SearchAction","target":{"@type":"EntryPoint","urlTemplate":"https:\/\/blog.feed.biz\/?s={search_term_string}"},"query-input":{"@type":"PropertyValueSpecification","valueRequired":true,"valueName":"search_term_string"}}],"inLanguage":"fr-FR"},{"@type":"Organization","@id":"https:\/\/blog.feed.biz\/#organization","name":"Feed.biz","url":"https:\/\/blog.feed.biz\/","logo":{"@type":"ImageObject","inLanguage":"fr-FR","@id":"https:\/\/blog.feed.biz\/#\/schema\/logo\/image\/","url":"https:\/\/blog.feed.biz\/wp-content\/uploads\/2016\/09\/logo-dark.png","contentUrl":"https:\/\/blog.feed.biz\/wp-content\/uploads\/2016\/09\/logo-dark.png","width":112,"height":22,"caption":"Feed.biz"},"image":{"@id":"https:\/\/blog.feed.biz\/#\/schema\/logo\/image\/"}}]}},"_links":{"self":[{"href":"https:\/\/blog.feed.biz\/fr\/wp-json\/wp\/v2\/pages\/500"}],"collection":[{"href":"https:\/\/blog.feed.biz\/fr\/wp-json\/wp\/v2\/pages"}],"about":[{"href":"https:\/\/blog.feed.biz\/fr\/wp-json\/wp\/v2\/types\/page"}],"author":[{"embeddable":true,"href":"https:\/\/blog.feed.biz\/fr\/wp-json\/wp\/v2\/users\/1"}],"replies":[{"embeddable":true,"href":"https:\/\/blog.feed.biz\/fr\/wp-json\/wp\/v2\/comments?post=500"}],"version-history":[{"count":1,"href":"https:\/\/blog.feed.biz\/fr\/wp-json\/wp\/v2\/pages\/500\/revisions"}],"predecessor-version":[{"id":501,"href":"https:\/\/blog.feed.biz\/fr\/wp-json\/wp\/v2\/pages\/500\/revisions\/501"}],"wp:attachment":[{"href":"https:\/\/blog.feed.biz\/fr\/wp-json\/wp\/v2\/media?parent=500"}],"curies":[{"name":"wp","href":"https:\/\/api.w.org\/{rel}","templated":true}]}}