{"id":160,"date":"2014-09-15T07:41:03","date_gmt":"2014-09-15T07:41:03","guid":{"rendered":"http:\/\/localhost\/wpblog\/?page_id=160"},"modified":"2020-03-19T05:15:22","modified_gmt":"2020-03-19T05:15:22","slug":"equipe","status":"publish","type":"page","link":"https:\/\/blog.feed.biz\/fr\/equipe\/","title":{"rendered":"Equipe"},"content":{"rendered":"<h4>Olivier Baquet<\/h4>\n<div class=\"row\"> <div class=\"col-md-3\">\n<p><img loading=\"lazy\" decoding=\"async\" class=\"aligncenter size-medium wp-image-273\" src=\"https:\/\/blog.feed.biz\/wp-content\/uploads\/2014\/08\/Olivier-300x300.jpg\" alt=\"Olivier\" width=\"200\" height=\"200\" srcset=\"https:\/\/blog.feed.biz\/wp-content\/uploads\/2014\/08\/Olivier-300x300.jpg 300w, https:\/\/blog.feed.biz\/wp-content\/uploads\/2014\/08\/Olivier-150x150.jpg 150w, https:\/\/blog.feed.biz\/wp-content\/uploads\/2014\/08\/Olivier.jpg 505w\" sizes=\"(max-width: 200px) 100vw, 200px\" \/><\/p>\n<\/div><div class=\"col-md-9\">\n<p>Passionn\u00e9 de r\u00e9seaux et t\u00e9l\u00e9coms, directeur technique de A-Telecom puis Tiscali France entre 1996 et 2000 o\u00f9 il dirige une \u00e9quipe technique de plus de 50 personnes, il d\u00e9ploie alors un des premiers r\u00e9seau internet fran\u00e7ais national et alternatif sur plus de 20 points de pr\u00e9sence et interconnecte \u00e9galement son r\u00e9seau \u00e0 celui de France Telecom et des op\u00e9rateurs internationnaux majeurs, la soci\u00e9t\u00e9 connait ensuite de multiples fusions pour donner naissance \u00e0 un acteur majeur de l\u2019internet en Europe.<\/p>\n<p>Il investit par la suite dans diff\u00e9rents secteurs d\u2019activit\u00e9 ; yatching, commerce de gros et de d\u00e9tail, restauration, expertise judiciaire puis cr\u00e9ea par pure vocation Common-Services en 2010 dont le but est de d\u00e9velopper des outils pour le e-commerce. En 2013, Common-Services fait partie des acteurs majeurs op\u00e9rant sur la place de march\u00e9 de Prestashop, Prestashop Addons. La soci\u00e9t\u00e9 obtient alors la certification Prestashop et poursuit son d\u00e9veloppement assiduement.<\/p>\n<\/div><\/div>\n<p>&nbsp;<\/p>\n<div class=\"row\"> <div class=\"col-md-6\">\n<h4>Kamel<\/h4>\n<div class=\"col-md-4\">\n<p><img loading=\"lazy\" decoding=\"async\" class=\"aligncenter wp-image-38 size-full\" src=\"https:\/\/blog.feed.biz\/wp-content\/uploads\/2014\/08\/kamel.jpg\" alt=\"Kamel\" width=\"200\" height=\"200\" \/><br \/>\n<\/div><div class=\"col-md-8\">\n<p>Dipl\u00f4m\u00e9 d\u2019un master en marketing et d\u2019une licence en informatique. Il a \u00e9tudi\u00e9 \u00e0 l\u2019\u00e9cole HECI, Hautes \u00c9tudes Commerciales et Informatiques de Casablanca, Maroc. <\/p>\n<p>Responsable d\u2019\u00e9quipe, consultant expert en int\u00e9gration de places de march\u00e9s.<\/p>\n<\/div>\n<\/div><div class=\"col-md-6\">\n<h4>Narong<\/h4>\n<div class=\"col-md-4\">\n<p><img loading=\"lazy\" decoding=\"async\" class=\"aligncenter size-full wp-image-266\" src=\"https:\/\/blog.feed.biz\/wp-content\/uploads\/2014\/08\/tony.jpg\" alt=\"Narong\" width=\"200\" height=\"200\" srcset=\"https:\/\/blog.feed.biz\/wp-content\/uploads\/2014\/08\/tony.jpg 200w, https:\/\/blog.feed.biz\/wp-content\/uploads\/2014\/08\/tony-150x150.jpg 150w\" sizes=\"(max-width: 200px) 100vw, 200px\" \/><\/p>\n<\/div><div class=\"col-md-8\">\n<p>Dipl\u00f4m\u00e9 comme programmeur d\u2019\u00e9tudes, il a \u00e9tudi\u00e9 \u00e0 l\u2019Universit\u00e9 Pierre et Marie CURIE, Paris 6, France .<\/p>\n<p>Il est sp\u00e9cialis\u00e9 dans le d\u00e9veloppement de solutions des modules et des solutions de back-office Prestashop.<\/p>\n<\/div>\n<\/div><\/div>\n<p>&nbsp;<\/p>\n<div class=\"row\"> <div class=\"col-md-6\">\n<h4>Alexandre<\/h4>\n<div class=\"col-md-4\">\n<p><img loading=\"lazy\" decoding=\"async\" class=\"aligncenter wp-image-38 size-full\" src=\"http:\/\/blog.feed.biz\/wp-content\/uploads\/2014\/08\/alexandre.jpg\" alt=\"Alexandre\" width=\"200\" height=\"200\" srcset=\"https:\/\/blog.feed.biz\/wp-content\/uploads\/2014\/08\/alexandre.jpg 200w, https:\/\/blog.feed.biz\/wp-content\/uploads\/2014\/08\/alexandre-150x150.jpg 150w\" sizes=\"(max-width: 200px) 100vw, 200px\" \/><br \/>\n<\/div><div class=\"col-md-8\">\n<p>Dipl\u00f4m\u00e9 d\u2019une licence en informatique, il a successivement \u00e9tudi\u00e9 \u00e0 Epitech et \u00e0 l\u2019universit\u00e9 du Littoral C\u00f4te d\u2019Opale et, est actuellement en pr\u00e9paration d\u2019un master en informatique.<\/p>\n<p>Il est sp\u00e9cialis\u00e9 dans le d\u00e9veloppement de solutions logistiques, de modules et de solutions de back-office Prestashop. Il a d\u00e9velopp\u00e9 la gamme compl\u00e8te de modules Colissimo Libert\u00e9, Flexibilit\u00e9 et So Nice.<\/p>\n<\/div>\n<\/div><div class=\"col-md-6\">\n<h4>Gabriel<\/h4>\n<div class=\"col-md-4\">\n<p><img loading=\"lazy\" decoding=\"async\" class=\"aligncenter wp-image-66 size-full\" src=\"http:\/\/blog.feed.biz\/wp-content\/uploads\/2014\/08\/Gabriel.jpg\" alt=\"Gabriel\" width=\"200\" height=\"200\" srcset=\"https:\/\/blog.feed.biz\/wp-content\/uploads\/2014\/08\/Gabriel.jpg 200w, https:\/\/blog.feed.biz\/wp-content\/uploads\/2014\/08\/Gabriel-150x150.jpg 150w\" sizes=\"(max-width: 200px) 100vw, 200px\" \/><\/p>\n<\/div><div class=\"col-md-8\">\n<p>Dipl\u00f4m\u00e9 en g\u00e9nie informatique, il a \u00e9tudi\u00e9 \u00e0 l\u2019Universit\u00e9 Prince of Songkla, Tha\u00eflande.<\/p>\n<p>Il est sp\u00e9cialis\u00e9 dans le d\u00e9veloppement de solutions de back-office.<\/p>\n<\/div>\n<\/div><\/div>\n<p>&nbsp;<\/p>\n<div class=\"row\"> <div class=\"col-md-6\">\n<h4>Rayan<\/h4>\n<div class=\"col-md-4\">\n<p><img loading=\"lazy\" decoding=\"async\" class=\"aligncenter wp-image-65 size-full\" src=\"http:\/\/blog.feed.biz\/wp-content\/uploads\/2014\/08\/Mario.jpg\" alt=\"Rayan\" width=\"200\" height=\"200\" srcset=\"https:\/\/blog.feed.biz\/wp-content\/uploads\/2014\/08\/Mario.jpg 200w, https:\/\/blog.feed.biz\/wp-content\/uploads\/2014\/08\/Mario-150x150.jpg 150w\" sizes=\"(max-width: 200px) 100vw, 200px\" \/><\/p>\n<\/div><div class=\"col-md-8\">\n<p>Dipl\u00f4m\u00e9 en animation scientifique, il a \u00e9tudi\u00e9 au Coll\u00e8ge des arts, des m\u00e9dias et de la technologie \u00e0 l&rsquo;universit\u00e9 de Chiang Mai, Tha\u00eflande.<\/p>\n<p>Il est sp\u00e9cialis\u00e9 dans l\u2019administration et la maintenance de site web.<\/p>\n<\/div>\n<\/div><\/div>\n<p>&nbsp;<\/p>\n","protected":false},"excerpt":{"rendered":"<p>Olivier Baquet &nbsp; &nbsp; &nbsp; &nbsp;<\/p>\n","protected":false},"author":1,"featured_media":0,"parent":0,"menu_order":0,"comment_status":"open","ping_status":"open","template":"page-fullwidth.php","meta":{"footnotes":""},"class_list":["post-160","page","type-page","status-publish","hentry"],"yoast_head":"<!-- This site is optimized with the Yoast SEO plugin v23.4 - https:\/\/yoast.com\/wordpress\/plugins\/seo\/ -->\n<title>Equipe - Feed.Biz<\/title>\n<meta name=\"robots\" content=\"index, follow, max-snippet:-1, max-image-preview:large, max-video-preview:-1\" \/>\n<link rel=\"canonical\" href=\"https:\/\/blog.feed.biz\/fr\/equipe\/\" \/>\n<meta property=\"og:locale\" content=\"fr_FR\" \/>\n<meta property=\"og:type\" content=\"article\" \/>\n<meta property=\"og:title\" content=\"Equipe - Feed.Biz\" \/>\n<meta property=\"og:description\" content=\"Olivier Baquet &nbsp; &nbsp; &nbsp; &nbsp;\" \/>\n<meta property=\"og:url\" content=\"https:\/\/blog.feed.biz\/fr\/equipe\/\" \/>\n<meta property=\"og:site_name\" content=\"Feed.Biz\" \/>\n<meta property=\"article:modified_time\" content=\"2020-03-19T05:15:22+00:00\" \/>\n<meta property=\"og:image\" content=\"https:\/\/blog.feed.biz\/wp-content\/uploads\/2014\/08\/Olivier-300x300.jpg\" \/>\n<meta name=\"twitter:label1\" content=\"Dur\u00e9e de lecture estim\u00e9e\" \/>\n\t<meta name=\"twitter:data1\" content=\"2 minutes\" \/>\n<script type=\"application\/ld+json\" class=\"yoast-schema-graph\">{\"@context\":\"https:\/\/schema.org\",\"@graph\":[{\"@type\":\"WebPage\",\"@id\":\"https:\/\/blog.feed.biz\/fr\/equipe\/\",\"url\":\"https:\/\/blog.feed.biz\/fr\/equipe\/\",\"name\":\"Equipe - Feed.Biz\",\"isPartOf\":{\"@id\":\"https:\/\/blog.feed.biz\/#website\"},\"primaryImageOfPage\":{\"@id\":\"https:\/\/blog.feed.biz\/fr\/equipe\/#primaryimage\"},\"image\":{\"@id\":\"https:\/\/blog.feed.biz\/fr\/equipe\/#primaryimage\"},\"thumbnailUrl\":\"https:\/\/blog.feed.biz\/wp-content\/uploads\/2014\/08\/Olivier-300x300.jpg\",\"datePublished\":\"2014-09-15T07:41:03+00:00\",\"dateModified\":\"2020-03-19T05:15:22+00:00\",\"breadcrumb\":{\"@id\":\"https:\/\/blog.feed.biz\/fr\/equipe\/#breadcrumb\"},\"inLanguage\":\"fr-FR\",\"potentialAction\":[{\"@type\":\"ReadAction\",\"target\":[\"https:\/\/blog.feed.biz\/fr\/equipe\/\"]}]},{\"@type\":\"ImageObject\",\"inLanguage\":\"fr-FR\",\"@id\":\"https:\/\/blog.feed.biz\/fr\/equipe\/#primaryimage\",\"url\":\"https:\/\/blog.feed.biz\/wp-content\/uploads\/2014\/08\/Olivier-300x300.jpg\",\"contentUrl\":\"https:\/\/blog.feed.biz\/wp-content\/uploads\/2014\/08\/Olivier-300x300.jpg\"},{\"@type\":\"BreadcrumbList\",\"@id\":\"https:\/\/blog.feed.biz\/fr\/equipe\/#breadcrumb\",\"itemListElement\":[{\"@type\":\"ListItem\",\"position\":1,\"name\":\"Home\",\"item\":\"https:\/\/blog.feed.biz\/\"},{\"@type\":\"ListItem\",\"position\":2,\"name\":\"Equipe\"}]},{\"@type\":\"WebSite\",\"@id\":\"https:\/\/blog.feed.biz\/#website\",\"url\":\"https:\/\/blog.feed.biz\/\",\"name\":\"Feed.Biz\",\"description\":\"Feed.Biz\",\"publisher\":{\"@id\":\"https:\/\/blog.feed.biz\/#organization\"},\"potentialAction\":[{\"@type\":\"SearchAction\",\"target\":{\"@type\":\"EntryPoint\",\"urlTemplate\":\"https:\/\/blog.feed.biz\/?s={search_term_string}\"},\"query-input\":{\"@type\":\"PropertyValueSpecification\",\"valueRequired\":true,\"valueName\":\"search_term_string\"}}],\"inLanguage\":\"fr-FR\"},{\"@type\":\"Organization\",\"@id\":\"https:\/\/blog.feed.biz\/#organization\",\"name\":\"Feed.biz\",\"url\":\"https:\/\/blog.feed.biz\/\",\"logo\":{\"@type\":\"ImageObject\",\"inLanguage\":\"fr-FR\",\"@id\":\"https:\/\/blog.feed.biz\/#\/schema\/logo\/image\/\",\"url\":\"https:\/\/blog.feed.biz\/wp-content\/uploads\/2016\/09\/logo-dark.png\",\"contentUrl\":\"https:\/\/blog.feed.biz\/wp-content\/uploads\/2016\/09\/logo-dark.png\",\"width\":112,\"height\":22,\"caption\":\"Feed.biz\"},\"image\":{\"@id\":\"https:\/\/blog.feed.biz\/#\/schema\/logo\/image\/\"}}]}<\/script>\n<!-- \/ Yoast SEO plugin. -->","yoast_head_json":{"title":"Equipe - Feed.Biz","robots":{"index":"index","follow":"follow","max-snippet":"max-snippet:-1","max-image-preview":"max-image-preview:large","max-video-preview":"max-video-preview:-1"},"canonical":"https:\/\/blog.feed.biz\/fr\/equipe\/","og_locale":"fr_FR","og_type":"article","og_title":"Equipe - Feed.Biz","og_description":"Olivier Baquet &nbsp; &nbsp; &nbsp; &nbsp;","og_url":"https:\/\/blog.feed.biz\/fr\/equipe\/","og_site_name":"Feed.Biz","article_modified_time":"2020-03-19T05:15:22+00:00","og_image":[{"url":"https:\/\/blog.feed.biz\/wp-content\/uploads\/2014\/08\/Olivier-300x300.jpg"}],"twitter_misc":{"Dur\u00e9e de lecture estim\u00e9e":"2 minutes"},"schema":{"@context":"https:\/\/schema.org","@graph":[{"@type":"WebPage","@id":"https:\/\/blog.feed.biz\/fr\/equipe\/","url":"https:\/\/blog.feed.biz\/fr\/equipe\/","name":"Equipe - Feed.Biz","isPartOf":{"@id":"https:\/\/blog.feed.biz\/#website"},"primaryImageOfPage":{"@id":"https:\/\/blog.feed.biz\/fr\/equipe\/#primaryimage"},"image":{"@id":"https:\/\/blog.feed.biz\/fr\/equipe\/#primaryimage"},"thumbnailUrl":"https:\/\/blog.feed.biz\/wp-content\/uploads\/2014\/08\/Olivier-300x300.jpg","datePublished":"2014-09-15T07:41:03+00:00","dateModified":"2020-03-19T05:15:22+00:00","breadcrumb":{"@id":"https:\/\/blog.feed.biz\/fr\/equipe\/#breadcrumb"},"inLanguage":"fr-FR","potentialAction":[{"@type":"ReadAction","target":["https:\/\/blog.feed.biz\/fr\/equipe\/"]}]},{"@type":"ImageObject","inLanguage":"fr-FR","@id":"https:\/\/blog.feed.biz\/fr\/equipe\/#primaryimage","url":"https:\/\/blog.feed.biz\/wp-content\/uploads\/2014\/08\/Olivier-300x300.jpg","contentUrl":"https:\/\/blog.feed.biz\/wp-content\/uploads\/2014\/08\/Olivier-300x300.jpg"},{"@type":"BreadcrumbList","@id":"https:\/\/blog.feed.biz\/fr\/equipe\/#breadcrumb","itemListElement":[{"@type":"ListItem","position":1,"name":"Home","item":"https:\/\/blog.feed.biz\/"},{"@type":"ListItem","position":2,"name":"Equipe"}]},{"@type":"WebSite","@id":"https:\/\/blog.feed.biz\/#website","url":"https:\/\/blog.feed.biz\/","name":"Feed.Biz","description":"Feed.Biz","publisher":{"@id":"https:\/\/blog.feed.biz\/#organization"},"potentialAction":[{"@type":"SearchAction","target":{"@type":"EntryPoint","urlTemplate":"https:\/\/blog.feed.biz\/?s={search_term_string}"},"query-input":{"@type":"PropertyValueSpecification","valueRequired":true,"valueName":"search_term_string"}}],"inLanguage":"fr-FR"},{"@type":"Organization","@id":"https:\/\/blog.feed.biz\/#organization","name":"Feed.biz","url":"https:\/\/blog.feed.biz\/","logo":{"@type":"ImageObject","inLanguage":"fr-FR","@id":"https:\/\/blog.feed.biz\/#\/schema\/logo\/image\/","url":"https:\/\/blog.feed.biz\/wp-content\/uploads\/2016\/09\/logo-dark.png","contentUrl":"https:\/\/blog.feed.biz\/wp-content\/uploads\/2016\/09\/logo-dark.png","width":112,"height":22,"caption":"Feed.biz"},"image":{"@id":"https:\/\/blog.feed.biz\/#\/schema\/logo\/image\/"}}]}},"_links":{"self":[{"href":"https:\/\/blog.feed.biz\/fr\/wp-json\/wp\/v2\/pages\/160"}],"collection":[{"href":"https:\/\/blog.feed.biz\/fr\/wp-json\/wp\/v2\/pages"}],"about":[{"href":"https:\/\/blog.feed.biz\/fr\/wp-json\/wp\/v2\/types\/page"}],"author":[{"embeddable":true,"href":"https:\/\/blog.feed.biz\/fr\/wp-json\/wp\/v2\/users\/1"}],"replies":[{"embeddable":true,"href":"https:\/\/blog.feed.biz\/fr\/wp-json\/wp\/v2\/comments?post=160"}],"version-history":[{"count":24,"href":"https:\/\/blog.feed.biz\/fr\/wp-json\/wp\/v2\/pages\/160\/revisions"}],"predecessor-version":[{"id":522,"href":"https:\/\/blog.feed.biz\/fr\/wp-json\/wp\/v2\/pages\/160\/revisions\/522"}],"wp:attachment":[{"href":"https:\/\/blog.feed.biz\/fr\/wp-json\/wp\/v2\/media?parent=160"}],"curies":[{"name":"wp","href":"https:\/\/api.w.org\/{rel}","templated":true}]}}